{"id":109,"date":"2025-01-13T19:02:50","date_gmt":"2025-01-13T19:02:50","guid":{"rendered":"https:\/\/www.zeytinyagial.com\/?page_id=109"},"modified":"2025-02-19T14:33:27","modified_gmt":"2025-02-19T14:33:27","slug":"hakkimizda","status":"publish","type":"page","link":"https:\/\/www.zeytinyagial.com\/index.php\/hakkimizda\/","title":{"rendered":"Hakk\u0131m\u0131zda"},"content":{"rendered":"<div data-block-name=\"woocommerce\/breadcrumbs\" class=\"wc-block-breadcrumbs woocommerce alignwide has-font-size has-small-font-size alignwide wp-block-woocommerce-breadcrumbs has-small-font-size\"><nav class=\"woocommerce-breadcrumb\" aria-label=\"Breadcrumb\">Ana Sayfa<\/nav><\/div><div class=\"wp-block-group alignfull has-global-padding is-content-justification-center is-layout-constrained wp-container-core-group-is-layout-df757ecc wp-block-group-is-layout-constrained\" style=\"margin-top:0;margin-bottom:0;padding-top:calc( 0.5 * var(--wp--style--root--padding-right, var(--wp--custom--gap--horizontal)));padding-right:var(--wp--style--root--padding-right, var(--wp--custom--gap--horizontal));padding-bottom:calc( 0.5 * var(--wp--style--root--padding-right, var(--wp--custom--gap--horizontal)));padding-left:var(--wp--style--root--padding-left, var(--wp--custom--gap--horizontal))\"><div class=\"wp-block-columns alignwide are-vertically-aligned-center is-layout-flex wp-container-core-columns-is-layout-7fc3d43a wp-block-columns-is-layout-flex\"><div class=\"wp-block-column is-vertically-aligned-center is-layout-flow wp-block-column-is-layout-flow\"><figure class=\"wp-block-image size-full\"><img loading=\"lazy\" decoding=\"async\" width=\"960\" height=\"1280\" src=\"https:\/\/www.zeytinyagial.com\/wp-content\/uploads\/2025\/01\/Adsiz-tasarim-3.png\" alt=\"\" class=\"wp-image-134\" style=\"aspect-ratio:1;object-fit:cover\" srcset=\"https:\/\/www.zeytinyagial.com\/wp-content\/uploads\/2025\/01\/Adsiz-tasarim-3.png 960w, https:\/\/www.zeytinyagial.com\/wp-content\/uploads\/2025\/01\/Adsiz-tasarim-3-225x300.png 225w, https:\/\/www.zeytinyagial.com\/wp-content\/uploads\/2025\/01\/Adsiz-tasarim-3-768x1024.png 768w, https:\/\/www.zeytinyagial.com\/wp-content\/uploads\/2025\/01\/Adsiz-tasarim-3-600x800.png 600w\" sizes=\"auto, (max-width: 960px) 100vw, 960px\" \/><\/figure><\/div>\n\n<div class=\"wp-block-column is-vertically-aligned-center is-layout-flow wp-block-column-is-layout-flow\"><h2 class=\"wp-block-heading alignwide\">Do\u011fan\u0131n sundu\u011fu en saf lezzeti sofralar\u0131n\u0131za ta\u015f\u0131mak i\u00e7in yola \u00e7\u0131kt\u0131k!<\/h2>\n\n<p><\/p>\n\n<p> <strong>Karaburun Zeytinli\u011fi<\/strong>, Ege\u2019nin e\u015fsiz do\u011fas\u0131nda, y\u00fcksek oksijenli yama\u00e7lar\u0131nda yeti\u015fen zeytin a\u011fa\u00e7lar\u0131ndan elde edilen kaliteli zeytinya\u011f\u0131 ile sizlere sa\u011fl\u0131kl\u0131 ve do\u011fal bir deneyim sunuyor.<\/p>\n\n<p>Geleneksel \u00fcretim y\u00f6ntemleriyle harmanlad\u0131\u011f\u0131m\u0131z modern teknikler sayesinde, zeytinlerimizi en do\u011fal haliyle i\u015fliyor ve hi\u00e7bir katk\u0131 maddesi eklemeden \u015fi\u015feliyoruz. Her damlas\u0131nda Ege\u2019nin ferahl\u0131\u011f\u0131n\u0131 ve lezzetini hissedece\u011finiz zeytinya\u011f\u0131m\u0131z, do\u011fall\u0131\u011fa ve kaliteye verdi\u011fimiz \u00f6nemin bir yans\u0131mas\u0131d\u0131r.<\/p>\n\n<p>Sa\u011fl\u0131kl\u0131 beslenmeye \u00f6nem veren herkes i\u00e7in, zeytinya\u011f\u0131m\u0131z\u0131n i\u00e7eri\u011findeki zengin aromalar ve y\u00fcksek besin de\u011ferleriyle sofralar\u0131n\u0131z\u0131 daha lezzetli hale getiriyoruz. <strong>Karaburun Zeytinli\u011fi<\/strong> olarak, do\u011faya ve geleneklerimize olan ba\u011fl\u0131l\u0131\u011f\u0131m\u0131zla, en iyi zeytinya\u011f\u0131n\u0131 \u00fcretmek i\u00e7in \u00e7al\u0131\u015fmaya devam ediyoruz.<\/p><\/div><\/div><\/div><div class=\"wp-block-group alignfull has-global-padding is-layout-constrained wp-container-core-group-is-layout-daa29608 wp-block-group-is-layout-constrained\" style=\"margin-top:0;margin-bottom:0;padding-top:var(--wp--preset--spacing--50);padding-right:var(--wp--preset--spacing--50);padding-bottom:var(--wp--preset--spacing--50);padding-left:var(--wp--preset--spacing--50)\"><h1 class=\"wp-block-heading has-text-align-center has-x-large-font-size\"><em><br>\t\t&#8220;Ger\u00e7ek zeytinya\u011f\u0131, do\u011fan\u0131n imzas\u0131d\u0131r; katk\u0131ya ihtiyac\u0131 yoktur.<\/em>&#8220;<em>\t\t<\/em><\/h1><\/div><p><\/p>","protected":false},"excerpt":{"rendered":"<p>Do\u011fan\u0131n sundu\u011fu en saf lezzeti sofralar\u0131n\u0131za ta\u015f\u0131mak i\u00e7in yola \u00e7\u0131kt\u0131k! Karaburun Zeytinli\u011fi, Ege\u2019nin e\u015fsiz do\u011fas\u0131nda, y\u00fcksek oksijenli yama\u00e7lar\u0131nda yeti\u015fen zeytin a\u011fa\u00e7lar\u0131ndan elde edilen kaliteli zeytinya\u011f\u0131 ile sizlere sa\u011fl\u0131kl\u0131 ve do\u011fal bir deneyim sunuyor. Geleneksel \u00fcretim y\u00f6ntemleriyle harmanlad\u0131\u011f\u0131m\u0131z modern teknikler sayesinde, zeytinlerimizi en do\u011fal haliyle i\u015fliyor ve hi\u00e7bir katk\u0131 maddesi eklemeden \u015fi\u015feliyoruz. Her damlas\u0131nda Ege\u2019nin ferahl\u0131\u011f\u0131n\u0131 [&hellip;]<\/p>\n","protected":false},"author":1,"featured_media":0,"parent":0,"menu_order":0,"comment_status":"closed","ping_status":"closed","template":"","meta":{"footnotes":""},"class_list":["post-109","page","type-page","status-publish","hentry"],"_links":{"self":[{"href":"https:\/\/www.zeytinyagial.com\/index.php\/wp-json\/wp\/v2\/pages\/109","targetHints":{"allow":["GET"]}}],"collection":[{"href":"https:\/\/www.zeytinyagial.com\/index.php\/wp-json\/wp\/v2\/pages"}],"about":[{"href":"https:\/\/www.zeytinyagial.com\/index.php\/wp-json\/wp\/v2\/types\/page"}],"author":[{"embeddable":true,"href":"https:\/\/www.zeytinyagial.com\/index.php\/wp-json\/wp\/v2\/users\/1"}],"replies":[{"embeddable":true,"href":"https:\/\/www.zeytinyagial.com\/index.php\/wp-json\/wp\/v2\/comments?post=109"}],"version-history":[{"count":5,"href":"https:\/\/www.zeytinyagial.com\/index.php\/wp-json\/wp\/v2\/pages\/109\/revisions"}],"predecessor-version":[{"id":144,"href":"https:\/\/www.zeytinyagial.com\/index.php\/wp-json\/wp\/v2\/pages\/109\/revisions\/144"}],"wp:attachment":[{"href":"https:\/\/www.zeytinyagial.com\/index.php\/wp-json\/wp\/v2\/media?parent=109"}],"curies":[{"name":"wp","href":"https:\/\/api.w.org\/{rel}","templated":true}]}}